{"id":7816,"date":"2021-03-30T10:17:04","date_gmt":"2021-03-30T07:17:04","guid":{"rendered":"https:\/\/2021.markarulocim.com\/get-offer\/"},"modified":"2021-03-30T14:07:21","modified_gmt":"2021-03-30T11:07:21","slug":"get-offer","status":"publish","type":"page","link":"https:\/\/markarulocim.com\/en\/get-offer\/","title":{"rendered":"Get Offer"},"content":{"rendered":"<p>[vc_row full_width=&#8221;stretch_row_content&#8221; css=&#8221;.vc_custom_1616536646665{padding-top: 10vh !important;padding-bottom: 14vh !important;background-image: url(https:\/\/markarulocim.com\/wp-content\/uploads\/2021\/03\/iletisim-back.jpg?id=7577) !important;background-position: center !important;background-repeat: no-repeat !important;background-size: cover !important;}&#8221; mobile_bg_img_hidden=&#8221;no&#8221; tablet_bg_img_hidden=&#8221;no&#8221; woodmart_parallax=&#8221;0&#8243; woodmart_gradient_switch=&#8221;no&#8221; row_reverse_mobile=&#8221;0&#8243; row_reverse_tablet=&#8221;0&#8243; woodmart_disable_overflow=&#8221;0&#8243;][vc_column][vc_empty_space height=&#8221;100px&#8221; woodmart_hide_large=&#8221;0&#8243; woodmart_hide_medium=&#8221;0&#8243; woodmart_hide_small=&#8221;0&#8243; woodmart_hide_extra_small=&#8221;0&#8243;]\t\t\n\t\t<div id=\"wd-605b54e7cf294\" class=\"title-wrapper  woodmart-title-color-primary woodmart-title-style-default woodmart-title-width-100 text-center woodmart-title-size-extra-large \">\n\t\t\t\t\t\t\t<div class=\"title-subtitle  font-default subtitle-style-default woodmart-font-weight-\">MARKA RULO \u00c7\u0130M<\/div>\n\t\t\t\t\t\t\n\t\t\t<div class=\"liner-continer\">\n\t\t\t\t<span class=\"left-line\"><\/span>\n\t\t\t\t<h1 class=\"woodmart-title-container title  woodmart-font-weight-\" ><strong>GET OFFER<\/strong><\/h1>\t\t\t\t\t\t\t\t<span class=\"right-line\"><\/span>\n\t\t\t<\/div>\n\t\t\t\n\t\t\t\t\t\t\t<div class=\"title-after_title\">Fill in this form for your requests regarding roll-on lawn. A return will be provided as soon as possible.<\/div>\n\t\t\t\t\t\t\n\t\t\t\t\t<\/div>\n\t\t\n\t\t[vc_empty_space height=&#8221;30px&#8221; woodmart_hide_large=&#8221;0&#8243; woodmart_hide_medium=&#8221;0&#8243; woodmart_hide_small=&#8221;1&#8243; woodmart_hide_extra_small=&#8221;1&#8243;][\/vc_column][\/vc_row][vc_row][vc_column][\/vc_column][\/vc_row][vc_section mobile_bg_img_hidden=&#8221;no&#8221; tablet_bg_img_hidden=&#8221;no&#8221; woodmart_parallax=&#8221;0&#8243; woodmart_gradient_switch=&#8221;no&#8221; woodmart_disable_overflow=&#8221;0&#8243;][vc_row mobile_bg_img_hidden=&#8221;no&#8221; tablet_bg_img_hidden=&#8221;no&#8221; woodmart_parallax=&#8221;0&#8243; woodmart_gradient_switch=&#8221;no&#8221; row_reverse_mobile=&#8221;0&#8243; row_reverse_tablet=&#8221;0&#8243; woodmart_disable_overflow=&#8221;0&#8243;][vc_column mobile_bg_img_hidden=&#8221;no&#8221; tablet_bg_img_hidden=&#8221;no&#8221; woodmart_parallax=&#8221;0&#8243; woodmart_sticky_column=&#8221;false&#8221; parallax_scroll=&#8221;no&#8221; mobile_reset_margin=&#8221;no&#8221; tablet_reset_margin=&#8221;no&#8221;]<div class=\"wpforms-container wpforms-container-full\" id=\"wpforms-7847\"><form id=\"wpforms-form-7847\" class=\"wpforms-validate wpforms-form\" data-formid=\"7847\" method=\"post\" enctype=\"multipart\/form-data\" action=\"\/en\/wp-json\/wp\/v2\/pages\/7816\" data-token=\"436c0116b2116de288b39064865e8feb\"><div class=\"wpforms-head-container\"><div class=\"wpforms-title\">Request form<\/div><\/div><noscript class=\"wpforms-error-noscript\">Please enable JavaScript in your browser to complete this form.<\/noscript><div class=\"wpforms-field-container\"><div id=\"wpforms-7847-field_0-container\" class=\"wpforms-field wpforms-field-name wpforms-one-half wpforms-first\" data-field-id=\"0\"><label class=\"wpforms-field-label\" for=\"wpforms-7847-field_0\">Name <span class=\"wpforms-required-label\">*<\/span><\/label><input type=\"text\" id=\"wpforms-7847-field_0\" class=\"wpforms-field-large wpforms-field-required\" name=\"wpforms[fields][0]\" required><\/div><div id=\"wpforms-7847-field_1-container\" class=\"wpforms-field wpforms-field-email wpforms-one-half\" data-field-id=\"1\"><label class=\"wpforms-field-label\" for=\"wpforms-7847-field_1\">E-Mail<\/label><input type=\"email\" id=\"wpforms-7847-field_1\" class=\"wpforms-field-large\" name=\"wpforms[fields][1]\" ><\/div><div id=\"wpforms-7847-field_6-container\" class=\"wpforms-field wpforms-field-phone wpforms-one-third wpforms-first\" data-field-id=\"6\"><label class=\"wpforms-field-label\" for=\"wpforms-7847-field_6\">Phone <span class=\"wpforms-required-label\">*<\/span><\/label><input type=\"tel\" id=\"wpforms-7847-field_6\" class=\"wpforms-field-large wpforms-field-required wpforms-smart-phone-field\" data-rule-smart-phone-field=\"true\" name=\"wpforms[fields][6]\" placeholder=\"    \" required><\/div><div id=\"wpforms-7847-field_7-container\" class=\"wpforms-field wpforms-field-text wpforms-two-thirds\" data-field-id=\"7\"><label class=\"wpforms-field-label\" for=\"wpforms-7847-field_7\">Subject<\/label><input type=\"text\" id=\"wpforms-7847-field_7\" class=\"wpforms-field-large\" name=\"wpforms[fields][7]\" ><\/div><div id=\"wpforms-7847-field_2-container\" class=\"wpforms-field wpforms-field-textarea\" data-field-id=\"2\"><label class=\"wpforms-field-label\" for=\"wpforms-7847-field_2\">Message <span class=\"wpforms-required-label\">*<\/span><\/label><textarea id=\"wpforms-7847-field_2\" class=\"wpforms-field-medium wpforms-field-required\" name=\"wpforms[fields][2]\" required><\/textarea><\/div><\/div><div class=\"wpforms-submit-container\" ><input type=\"hidden\" name=\"wpforms[id]\" value=\"7847\"><input type=\"hidden\" name=\"wpforms[author]\" value=\"2\"><button type=\"submit\" name=\"wpforms[submit]\" class=\"wpforms-submit \" id=\"wpforms-submit-7847\" value=\"wpforms-submit\" aria-live=\"assertive\" data-alt-text=\"Sending...\" data-submit-text=\"Submit\">Submit<\/button><\/div><\/form><\/div>  <!-- .wpforms-container -->[\/vc_column][\/vc_row][\/vc_section][vc_section full_width=&#8221;stretch_row_content&#8221; woodmart_gradient_switch=&#8221;no&#8221; mobile_bg_img_hidden=&#8221;no&#8221; tablet_bg_img_hidden=&#8221;no&#8221; woodmart_parallax=&#8221;0&#8243; woodmart_disable_overflow=&#8221;0&#8243; css=&#8221;.vc_custom_1616598940649{padding-bottom: 3vh !important;background-position: center !important;background-repeat: no-repeat !important;background-size: cover !important;}&#8221;][vc_row full_width=&#8221;stretch_row_content_no_spaces&#8221; mobile_bg_img_hidden=&#8221;no&#8221; tablet_bg_img_hidden=&#8221;no&#8221; woodmart_parallax=&#8221;0&#8243; woodmart_gradient_switch=&#8221;no&#8221; row_reverse_mobile=&#8221;0&#8243; row_reverse_tablet=&#8221;0&#8243; woodmart_disable_overflow=&#8221;0&#8243; css=&#8221;.vc_custom_1616598157062{margin-top: 0px !important;margin-bottom: 5vh !important;padding-top: 0px !important;}&#8221;][vc_column width=&#8221;1\/2&#8243; css=&#8221;.vc_custom_1616228314649{margin-top: 0px !important;padding-top: 0px !important;padding-right: 10px !important;}&#8221; mobile_bg_img_hidden=&#8221;no&#8221; tablet_bg_img_hidden=&#8221;no&#8221; woodmart_parallax=&#8221;0&#8243; woodmart_sticky_column=&#8221;false&#8221; parallax_scroll=&#8221;no&#8221; mobile_reset_margin=&#8221;no&#8221; tablet_reset_margin=&#8221;no&#8221;]\t\n\t\t\t<div id=\"wd-605f13b0be2b9\" class=\"woodmart-text-block-wrapper color-scheme- woodmart-title-size-medium woodmart-title-width-100 text-center vc_custom_1616843709649\">\n\t\t\t\t<div class=\"woodmart-title-container woodmart-text-block font-primary woodmart-font-weight-700\">\n\t\t\t\t\t<\/p>\n<p style=\"text-align: center;\"><span style=\"color: #000000;\">ISTANBUL OFFICE<\/span><\/p>\n<p>\t\t\t\t<\/div>\n\t\t\t\t\t\n\t\t\t<\/div>\n\t\t\t\t\t<div class=\"google-map-container  content-vertical-top content-horizontal-left\" style=\"height:400px;\" data-map-args='{\"latitude\":\"41.086938\",\"longitude\":\"29.136833\",\"zoom\":\"15\",\"mouse_zoom\":\"no\",\"init_type\":\"page_load\",\"init_offset\":\"100\",\"elementor\":false,\"json_style\":\"\",\"marker_icon\":\"https:\\\/\\\/markarulocim.com\\\/wp-content\\\/themes\\\/woodmart\\\/inc\\\/admin\\\/assets\\\/images\\\/google-icon.png\",\"marker_text_needed\":\"no\",\"marker_text\":\"<h3 style=\\\"min-width:300px; text-align:center; margin:15px;\\\"><\\\/h3>\",\"selector\":\"woodmart-map-id-69e7811896bbb\"}'>\n\n\t\t\t\t\t\t\t\t\n\t\t\t\t\t\t\t\t\n\t\t\t\t<div class=\"woodmart-google-map-wrapper\">\n\t\t\t\t\t<div id=\"woodmart-map-id-69e7811896bbb\" class=\"woodmart-google-map without-content\"><\/div>\n\t\t\t\t<\/div>\n\n\t\t\t\t\t\t\t<\/div>\n\t\t[\/vc_column][vc_column width=&#8221;1\/2&#8243; css=&#8221;.vc_custom_1616228948998{margin-top: 0px !important;padding-top: 0px !important;padding-left: 10px !important;}&#8221; mobile_bg_img_hidden=&#8221;no&#8221; tablet_bg_img_hidden=&#8221;no&#8221; woodmart_parallax=&#8221;0&#8243; woodmart_sticky_column=&#8221;false&#8221; parallax_scroll=&#8221;no&#8221; mobile_reset_margin=&#8221;no&#8221; tablet_reset_margin=&#8221;no&#8221;]\t\n\t\t\t<div id=\"wd-605b49906d4b7\" class=\"woodmart-text-block-wrapper color-scheme- woodmart-title-size-medium woodmart-title-width-100 text-center vc_custom_1616595347699\">\n\t\t\t\t<div class=\"woodmart-title-container woodmart-text-block font-primary woodmart-font-weight-600\">\n\t\t\t\t\t<\/p>\n<p style=\"text-align: center;\"><span style=\"color: #000000;\">PRODUCTION FACILITY<\/span><\/p>\n<p>\t\t\t\t<\/div>\n\t\t\t\t\t\n\t\t\t<\/div>\n\t\t\t\t\t<div class=\"google-map-container  content-vertical-top content-horizontal-left\" style=\"height:400px;\" data-map-args='{\"latitude\":\"40.734755\",\"longitude\":\"30.564701\",\"zoom\":\"15\",\"mouse_zoom\":\"no\",\"init_type\":\"page_load\",\"init_offset\":\"100\",\"elementor\":false,\"json_style\":\"\",\"marker_icon\":\"https:\\\/\\\/markarulocim.com\\\/wp-content\\\/themes\\\/woodmart\\\/inc\\\/admin\\\/assets\\\/images\\\/google-icon.png\",\"marker_text_needed\":\"no\",\"marker_text\":\"<h3 style=\\\"min-width:300px; text-align:center; margin:15px;\\\"><\\\/h3>\",\"selector\":\"woodmart-map-id-69e7811896c55\"}'>\n\n\t\t\t\t\t\t\t\t\n\t\t\t\t\t\t\t\t\n\t\t\t\t<div class=\"woodmart-google-map-wrapper\">\n\t\t\t\t\t<div id=\"woodmart-map-id-69e7811896c55\" class=\"woodmart-google-map without-content\"><\/div>\n\t\t\t\t<\/div>\n\n\t\t\t\t\t\t\t<\/div>\n\t\t[\/vc_column][\/vc_row][\/vc_section]<\/p>\n","protected":false},"excerpt":{"rendered":"<p>[vc_row full_width=&#8221;stretch_row_content&#8221; css=&#8221;.vc_custom_1616536646665{padding-top: 10vh !important;padding-bottom: 14vh !important;background-image: url(https:\/\/markarulocim.com\/wp-content\/uploads\/2021\/03\/iletisim-back.jpg?id=7577) !important;background-position: center !important;background-repeat: no-repeat !important;background-size: cover !important;}&#8221; mobile_bg_img_hidden=&#8221;no&#8221; tablet_bg_img_hidden=&#8221;no&#8221; woodmart_parallax=&#8221;0&#8243; woodmart_gradient_switch=&#8221;no&#8221; row_reverse_mobile=&#8221;0&#8243;<\/p>\n","protected":false},"author":2,"featured_media":0,"parent":0,"menu_order":0,"comment_status":"closed","ping_status":"closed","template":"","meta":{"footnotes":""},"yoast_head":"<!-- This site is optimized with the Yoast SEO plugin v21.7 - https:\/\/yoast.com\/wordpress\/plugins\/seo\/ -->\n<title>Get Offer - Marka Rulo \u00c7im<\/title>\n<meta name=\"description\" content=\"You can contact us from the form below in line with your roll-on lawn sales, ready-made turf supply and complete landscaping application and other requests.\" \/>\n<meta name=\"robots\" content=\"index, follow, max-snippet:-1, max-image-preview:large, max-video-preview:-1\" \/>\n<link rel=\"canonical\" href=\"https:\/\/markarulocim.com\/en\/get-offer\/\" \/>\n<meta property=\"og:locale\" content=\"en_US\" \/>\n<meta property=\"og:type\" content=\"article\" \/>\n<meta property=\"og:title\" content=\"Get Offer - Marka Rulo \u00c7im\" \/>\n<meta property=\"og:description\" content=\"You can contact us from the form below in line with your roll-on lawn sales, ready-made turf supply and complete landscaping application and other requests.\" \/>\n<meta property=\"og:url\" content=\"https:\/\/markarulocim.com\/en\/get-offer\/\" \/>\n<meta property=\"og:site_name\" content=\"Marka Rulo \u00c7im\" \/>\n<meta property=\"article:modified_time\" content=\"2021-03-30T11:07:21+00:00\" \/>\n<meta name=\"twitter:card\" content=\"summary_large_image\" \/>\n<meta name=\"twitter:label1\" content=\"Est. reading time\" \/>\n\t<meta name=\"twitter:data1\" content=\"4 minutes\" \/>\n<script type=\"application\/ld+json\" class=\"yoast-schema-graph\">{\"@context\":\"https:\/\/schema.org\",\"@graph\":[{\"@type\":\"WebPage\",\"@id\":\"https:\/\/markarulocim.com\/en\/get-offer\/\",\"url\":\"https:\/\/markarulocim.com\/en\/get-offer\/\",\"name\":\"Get Offer - Marka Rulo \u00c7im\",\"isPartOf\":{\"@id\":\"https:\/\/markarulocim.com\/#website\"},\"datePublished\":\"2021-03-30T07:17:04+00:00\",\"dateModified\":\"2021-03-30T11:07:21+00:00\",\"description\":\"You can contact us from the form below in line with your roll-on lawn sales, ready-made turf supply and complete landscaping application and other requests.\",\"breadcrumb\":{\"@id\":\"https:\/\/markarulocim.com\/en\/get-offer\/#breadcrumb\"},\"inLanguage\":\"en-US\",\"potentialAction\":[{\"@type\":\"ReadAction\",\"target\":[\"https:\/\/markarulocim.com\/en\/get-offer\/\"]}]},{\"@type\":\"BreadcrumbList\",\"@id\":\"https:\/\/markarulocim.com\/en\/get-offer\/#breadcrumb\",\"itemListElement\":[{\"@type\":\"ListItem\",\"position\":1,\"name\":\"Home\",\"item\":\"https:\/\/markarulocim.com\/en\/\"},{\"@type\":\"ListItem\",\"position\":2,\"name\":\"Get Offer\"}]},{\"@type\":\"WebSite\",\"@id\":\"https:\/\/markarulocim.com\/#website\",\"url\":\"https:\/\/markarulocim.com\/\",\"name\":\"Marka Rulo \u00c7im\",\"description\":\"Rulo \u00c7im \u00dcretimi &amp; Sat\u0131\u015f\u0131\",\"potentialAction\":[{\"@type\":\"SearchAction\",\"target\":{\"@type\":\"EntryPoint\",\"urlTemplate\":\"https:\/\/markarulocim.com\/?s={search_term_string}\"},\"query-input\":\"required name=search_term_string\"}],\"inLanguage\":\"en-US\"}]}<\/script>\n<!-- \/ Yoast SEO plugin. -->","yoast_head_json":{"title":"Get Offer - Marka Rulo \u00c7im","description":"You can contact us from the form below in line with your roll-on lawn sales, ready-made turf supply and complete landscaping application and other requests.","robots":{"index":"index","follow":"follow","max-snippet":"max-snippet:-1","max-image-preview":"max-image-preview:large","max-video-preview":"max-video-preview:-1"},"canonical":"https:\/\/markarulocim.com\/en\/get-offer\/","og_locale":"en_US","og_type":"article","og_title":"Get Offer - Marka Rulo \u00c7im","og_description":"You can contact us from the form below in line with your roll-on lawn sales, ready-made turf supply and complete landscaping application and other requests.","og_url":"https:\/\/markarulocim.com\/en\/get-offer\/","og_site_name":"Marka Rulo \u00c7im","article_modified_time":"2021-03-30T11:07:21+00:00","twitter_card":"summary_large_image","twitter_misc":{"Est. reading time":"4 minutes"},"schema":{"@context":"https:\/\/schema.org","@graph":[{"@type":"WebPage","@id":"https:\/\/markarulocim.com\/en\/get-offer\/","url":"https:\/\/markarulocim.com\/en\/get-offer\/","name":"Get Offer - Marka Rulo \u00c7im","isPartOf":{"@id":"https:\/\/markarulocim.com\/#website"},"datePublished":"2021-03-30T07:17:04+00:00","dateModified":"2021-03-30T11:07:21+00:00","description":"You can contact us from the form below in line with your roll-on lawn sales, ready-made turf supply and complete landscaping application and other requests.","breadcrumb":{"@id":"https:\/\/markarulocim.com\/en\/get-offer\/#breadcrumb"},"inLanguage":"en-US","potentialAction":[{"@type":"ReadAction","target":["https:\/\/markarulocim.com\/en\/get-offer\/"]}]},{"@type":"BreadcrumbList","@id":"https:\/\/markarulocim.com\/en\/get-offer\/#breadcrumb","itemListElement":[{"@type":"ListItem","position":1,"name":"Home","item":"https:\/\/markarulocim.com\/en\/"},{"@type":"ListItem","position":2,"name":"Get Offer"}]},{"@type":"WebSite","@id":"https:\/\/markarulocim.com\/#website","url":"https:\/\/markarulocim.com\/","name":"Marka Rulo \u00c7im","description":"Rulo \u00c7im \u00dcretimi &amp; Sat\u0131\u015f\u0131","potentialAction":[{"@type":"SearchAction","target":{"@type":"EntryPoint","urlTemplate":"https:\/\/markarulocim.com\/?s={search_term_string}"},"query-input":"required name=search_term_string"}],"inLanguage":"en-US"}]}},"_links":{"self":[{"href":"https:\/\/markarulocim.com\/en\/wp-json\/wp\/v2\/pages\/7816"}],"collection":[{"href":"https:\/\/markarulocim.com\/en\/wp-json\/wp\/v2\/pages"}],"about":[{"href":"https:\/\/markarulocim.com\/en\/wp-json\/wp\/v2\/types\/page"}],"author":[{"embeddable":true,"href":"https:\/\/markarulocim.com\/en\/wp-json\/wp\/v2\/users\/2"}],"replies":[{"embeddable":true,"href":"https:\/\/markarulocim.com\/en\/wp-json\/wp\/v2\/comments?post=7816"}],"version-history":[{"count":10,"href":"https:\/\/markarulocim.com\/en\/wp-json\/wp\/v2\/pages\/7816\/revisions"}],"predecessor-version":[{"id":7850,"href":"https:\/\/markarulocim.com\/en\/wp-json\/wp\/v2\/pages\/7816\/revisions\/7850"}],"wp:attachment":[{"href":"https:\/\/markarulocim.com\/en\/wp-json\/wp\/v2\/media?parent=7816"}],"curies":[{"name":"wp","href":"https:\/\/api.w.org\/{rel}","templated":true}]}}