{"id":7801,"date":"2021-03-30T10:06:08","date_gmt":"2021-03-30T07:06:08","guid":{"rendered":"https:\/\/2021.markarulocim.com\/contact\/"},"modified":"2021-03-31T11:23:06","modified_gmt":"2021-03-31T08:23:06","slug":"contact-us","status":"publish","type":"page","link":"https:\/\/markarulocim.com\/en\/contact-us\/","title":{"rendered":"Contact-us"},"content":{"rendered":"<p>[vc_row full_width=&#8221;stretch_row_content&#8221; css=&#8221;.vc_custom_1617178918979{padding-top: 10vh !important;padding-bottom: 14vh !important;background-image: url(https:\/\/markarulocim.com\/wp-content\/uploads\/2021\/03\/back-sayfalar.jpg?id=7719) !important;background-position: center !important;background-repeat: no-repeat !important;background-size: cover !important;}&#8221; mobile_bg_img_hidden=&#8221;no&#8221; tablet_bg_img_hidden=&#8221;no&#8221; woodmart_parallax=&#8221;0&#8243; woodmart_gradient_switch=&#8221;no&#8221; row_reverse_mobile=&#8221;0&#8243; row_reverse_tablet=&#8221;0&#8243; woodmart_disable_overflow=&#8221;0&#8243;][vc_column][vc_empty_space height=&#8221;100px&#8221; woodmart_hide_large=&#8221;0&#8243; woodmart_hide_medium=&#8221;0&#8243; woodmart_hide_small=&#8221;0&#8243; woodmart_hide_extra_small=&#8221;0&#8243;]\t\t\n\t\t<div id=\"wd-60643160703eb\" class=\"title-wrapper  woodmart-title-color-primary woodmart-title-style-default woodmart-title-width-100 text-center woodmart-title-size-extra-large \">\n\t\t\t\t\t\t\n\t\t\t<div class=\"liner-continer\">\n\t\t\t\t<span class=\"left-line\"><\/span>\n\t\t\t\t<h1 class=\"woodmart-title-container title  woodmart-font-weight-\" > <\/h1>\t\t\t\t\t\t\t\t<span class=\"right-line\"><\/span>\n\t\t\t<\/div>\n\t\t\t\n\t\t\t\t\t\t\n\t\t\t\t\t<\/div>\n\t\t\n\t\t[vc_empty_space height=&#8221;30px&#8221; woodmart_hide_large=&#8221;0&#8243; woodmart_hide_medium=&#8221;0&#8243; woodmart_hide_small=&#8221;1&#8243; woodmart_hide_extra_small=&#8221;1&#8243;][\/vc_column][\/vc_row][vc_section full_width=&#8221;stretch_row_content&#8221; woodmart_gradient_switch=&#8221;no&#8221; mobile_bg_img_hidden=&#8221;no&#8221; tablet_bg_img_hidden=&#8221;no&#8221; woodmart_parallax=&#8221;0&#8243; woodmart_disable_overflow=&#8221;0&#8243; css=&#8221;.vc_custom_1616764665390{padding-top: 1vh !important;padding-bottom: 3vh !important;background-position: center !important;background-repeat: no-repeat !important;background-size: cover !important;}&#8221;][vc_row css=&#8221;.vc_custom_1616595282027{margin-bottom: 0px !important;padding-top: 10vh !important;background-position: center !important;background-repeat: no-repeat !important;background-size: cover !important;}&#8221; woodmart_parallax=&#8221;0&#8243; woodmart_gradient_switch=&#8221;no&#8221; row_reverse_mobile=&#8221;0&#8243; row_reverse_tablet=&#8221;0&#8243; woodmart_disable_overflow=&#8221;0&#8243; mobile_bg_img_hidden=&#8221;no&#8221; tablet_bg_img_hidden=&#8221;no&#8221;][vc_column woodmart_color_scheme=&#8221;light&#8221; woodmart_text_align=&#8221;center&#8221; css=&#8221;.vc_custom_1616229401004{padding-top: 0px !important;}&#8221; woodmart_parallax=&#8221;0&#8243; parallax_scroll=&#8221;no&#8221; woodmart_sticky_column=&#8221;false&#8221; mobile_bg_img_hidden=&#8221;no&#8221; tablet_bg_img_hidden=&#8221;no&#8221; mobile_reset_margin=&#8221;no&#8221; tablet_reset_margin=&#8221;no&#8221;]\t\t\n\t\t<div id=\"wd-6062ce95155db\" class=\"title-wrapper  woodmart-title-color-black woodmart-title-style-simple woodmart-title-width-100 text-center woodmart-title-size-custom vc_custom_1617088169958\">\n\t\t\t\t\t\t\n\t\t\t<div class=\"liner-continer\">\n\t\t\t\t<span class=\"left-line\"><\/span>\n\t\t\t\t<h4 class=\"woodmart-title-container title  woodmart-font-weight-600\" >Contact information<\/h4>\t\t\t\t\t\t\t\t<span class=\"right-line\"><\/span>\n\t\t\t<\/div>\n\t\t\t\n\t\t\t\t\t\t\t<div class=\"title-after_title\"><strong>Istanbul Office : <\/strong>\u00c7engeldere Mah. \u00c7engeldere Cad. No:6 Kavac\u0131k - Beykoz - ISTANBUL<br \/>\n<strong>Production Facility : <\/strong>Gebe\u015f Village Akyaz\u0131 - SAKARYA<br \/>\n<strong>PHONE : <\/strong> 0216 331 4128<br \/>\n<strong>MAIL : <\/strong> info@markarulocim.com.tr<br \/>\n<strong>FAX:<\/strong> 0216 331 4128<br \/>\n<strong>GSM 1:<\/strong> 0532 522 2731<br \/>\n<strong>GSM 2:<\/strong> 0532 203 4796<br \/>\n<strong>GSM 3:<\/strong> 0532 790 1001<\/div>\n\t\t\t\t\t\t\n\t\t\t\t\t<\/div>\n\t\t\n\t\t[\/vc_column][\/vc_row][vc_row full_width=&#8221;stretch_row_content_no_spaces&#8221; mobile_bg_img_hidden=&#8221;no&#8221; tablet_bg_img_hidden=&#8221;no&#8221; woodmart_parallax=&#8221;0&#8243; woodmart_gradient_switch=&#8221;no&#8221; row_reverse_mobile=&#8221;0&#8243; row_reverse_tablet=&#8221;0&#8243; woodmart_disable_overflow=&#8221;0&#8243; css=&#8221;.vc_custom_1616598157062{margin-top: 0px !important;margin-bottom: 5vh !important;padding-top: 0px !important;}&#8221;][vc_column width=&#8221;1\/2&#8243; css=&#8221;.vc_custom_1616228314649{margin-top: 0px !important;padding-top: 0px !important;padding-right: 10px !important;}&#8221; mobile_bg_img_hidden=&#8221;no&#8221; tablet_bg_img_hidden=&#8221;no&#8221; woodmart_parallax=&#8221;0&#8243; woodmart_sticky_column=&#8221;false&#8221; parallax_scroll=&#8221;no&#8221; mobile_reset_margin=&#8221;no&#8221; tablet_reset_margin=&#8221;no&#8221;]\t\n\t\t\t<div id=\"wd-605f11c352a71\" class=\"woodmart-text-block-wrapper color-scheme- woodmart-title-size-medium woodmart-title-width-100 text-center vc_custom_1616843211711\">\n\t\t\t\t<div class=\"woodmart-title-container woodmart-text-block font-primary woodmart-font-weight-700\">\n\t\t\t\t\t<\/p>\n<p style=\"text-align: center;\"><span style=\"color: #000000;\">ISTANBUL OFFICE<\/span><\/p>\n<p>\t\t\t\t<\/div>\n\t\t\t\t\t\n\t\t\t<\/div>\n\t\t\t\t\t<div class=\"google-map-container  content-vertical-top content-horizontal-left\" style=\"height:400px;\" data-map-args='{\"latitude\":\"41.086938\",\"longitude\":\"29.136833\",\"zoom\":\"15\",\"mouse_zoom\":\"no\",\"init_type\":\"page_load\",\"init_offset\":\"100\",\"elementor\":false,\"json_style\":\"\",\"marker_icon\":\"https:\\\/\\\/markarulocim.com\\\/wp-content\\\/themes\\\/woodmart\\\/inc\\\/admin\\\/assets\\\/images\\\/google-icon.png\",\"marker_text_needed\":\"no\",\"marker_text\":\"<h3 style=\\\"min-width:300px; text-align:center; margin:15px;\\\"><\\\/h3>\",\"selector\":\"woodmart-map-id-69e24951eb948\"}'>\n\n\t\t\t\t\t\t\t\t\n\t\t\t\t\t\t\t\t\n\t\t\t\t<div class=\"woodmart-google-map-wrapper\">\n\t\t\t\t\t<div id=\"woodmart-map-id-69e24951eb948\" class=\"woodmart-google-map without-content\"><\/div>\n\t\t\t\t<\/div>\n\n\t\t\t\t\t\t\t<\/div>\n\t\t[\/vc_column][vc_column width=&#8221;1\/2&#8243; css=&#8221;.vc_custom_1616228948998{margin-top: 0px !important;padding-top: 0px !important;padding-left: 10px !important;}&#8221; mobile_bg_img_hidden=&#8221;no&#8221; tablet_bg_img_hidden=&#8221;no&#8221; woodmart_parallax=&#8221;0&#8243; woodmart_sticky_column=&#8221;false&#8221; parallax_scroll=&#8221;no&#8221; mobile_reset_margin=&#8221;no&#8221; tablet_reset_margin=&#8221;no&#8221;]\t\n\t\t\t<div id=\"wd-605b49906d4b7\" class=\"woodmart-text-block-wrapper color-scheme- woodmart-title-size-medium woodmart-title-width-100 text-center vc_custom_1616595347699\">\n\t\t\t\t<div class=\"woodmart-title-container woodmart-text-block font-primary woodmart-font-weight-600\">\n\t\t\t\t\t<\/p>\n<p style=\"text-align: center;\"><span style=\"color: #000000;\">PRODUCTION FACILITY<\/span><\/p>\n<p>\t\t\t\t<\/div>\n\t\t\t\t\t\n\t\t\t<\/div>\n\t\t\t\t\t<div class=\"google-map-container  content-vertical-top content-horizontal-left\" style=\"height:400px;\" data-map-args='{\"latitude\":\"40.734755\",\"longitude\":\"30.564701\",\"zoom\":\"15\",\"mouse_zoom\":\"no\",\"init_type\":\"page_load\",\"init_offset\":\"100\",\"elementor\":false,\"json_style\":\"\",\"marker_icon\":\"https:\\\/\\\/markarulocim.com\\\/wp-content\\\/themes\\\/woodmart\\\/inc\\\/admin\\\/assets\\\/images\\\/google-icon.png\",\"marker_text_needed\":\"no\",\"marker_text\":\"<h3 style=\\\"min-width:300px; text-align:center; margin:15px;\\\"><\\\/h3>\",\"selector\":\"woodmart-map-id-69e24951eb9b3\"}'>\n\n\t\t\t\t\t\t\t\t\n\t\t\t\t\t\t\t\t\n\t\t\t\t<div class=\"woodmart-google-map-wrapper\">\n\t\t\t\t\t<div id=\"woodmart-map-id-69e24951eb9b3\" class=\"woodmart-google-map without-content\"><\/div>\n\t\t\t\t<\/div>\n\n\t\t\t\t\t\t\t<\/div>\n\t\t[\/vc_column][\/vc_row][\/vc_section][vc_section el_id=&#8221;forma-git&#8221; mobile_bg_img_hidden=&#8221;no&#8221; tablet_bg_img_hidden=&#8221;no&#8221; woodmart_parallax=&#8221;0&#8243; woodmart_gradient_switch=&#8221;no&#8221; woodmart_disable_overflow=&#8221;0&#8243;][vc_row mobile_bg_img_hidden=&#8221;no&#8221; tablet_bg_img_hidden=&#8221;no&#8221; woodmart_parallax=&#8221;0&#8243; woodmart_gradient_switch=&#8221;no&#8221; row_reverse_mobile=&#8221;0&#8243; row_reverse_tablet=&#8221;0&#8243; woodmart_disable_overflow=&#8221;0&#8243;][vc_column mobile_bg_img_hidden=&#8221;no&#8221; tablet_bg_img_hidden=&#8221;no&#8221; woodmart_parallax=&#8221;0&#8243; woodmart_sticky_column=&#8221;false&#8221; parallax_scroll=&#8221;no&#8221; mobile_reset_margin=&#8221;no&#8221; tablet_reset_margin=&#8221;no&#8221;]\t\t\n\t\t<div id=\"wd-605b52cd329cd\" class=\"title-wrapper  woodmart-title-color-black woodmart-title-style-simple woodmart-title-width-100 text-center woodmart-title-size-custom vc_custom_1616597722349\">\n\t\t\t\t\t\t\n\t\t\t<div class=\"liner-continer\">\n\t\t\t\t<span class=\"left-line\"><\/span>\n\t\t\t\t<h4 class=\"woodmart-title-container title  woodmart-font-weight-\" >CONTACT FORM<\/h4>\t\t\t\t\t\t\t\t<span class=\"right-line\"><\/span>\n\t\t\t<\/div>\n\t\t\t\n\t\t\t\t\t\t\n\t\t\t\t\t<\/div>\n\t\t\n\t\t<div class=\"wpforms-container wpforms-container-full\" id=\"wpforms-7848\"><form id=\"wpforms-form-7848\" class=\"wpforms-validate wpforms-form\" data-formid=\"7848\" method=\"post\" enctype=\"multipart\/form-data\" action=\"\/en\/wp-json\/wp\/v2\/pages\/7801\" data-token=\"6a6ddde5567bc9f962e6ae42e9d253d3\"><noscript class=\"wpforms-error-noscript\">Please enable JavaScript in your browser to complete this form.<\/noscript><div class=\"wpforms-field-container\"><div id=\"wpforms-7848-field_0-container\" class=\"wpforms-field wpforms-field-name wpforms-one-half wpforms-first\" data-field-id=\"0\"><label class=\"wpforms-field-label\" for=\"wpforms-7848-field_0\">Name <span class=\"wpforms-required-label\">*<\/span><\/label><input type=\"text\" id=\"wpforms-7848-field_0\" class=\"wpforms-field-large wpforms-field-required\" name=\"wpforms[fields][0]\" required><\/div><div id=\"wpforms-7848-field_1-container\" class=\"wpforms-field wpforms-field-email wpforms-one-half\" data-field-id=\"1\"><label class=\"wpforms-field-label\" for=\"wpforms-7848-field_1\">E-Mail <span class=\"wpforms-required-label\">*<\/span><\/label><input type=\"email\" id=\"wpforms-7848-field_1\" class=\"wpforms-field-large wpforms-field-required\" name=\"wpforms[fields][1]\" required><\/div><div id=\"wpforms-7848-field_6-container\" class=\"wpforms-field wpforms-field-phone wpforms-one-third wpforms-first\" data-field-id=\"6\"><label class=\"wpforms-field-label\" for=\"wpforms-7848-field_6\">Phone <span class=\"wpforms-required-label\">*<\/span><\/label><input type=\"tel\" id=\"wpforms-7848-field_6\" class=\"wpforms-field-large wpforms-field-required wpforms-smart-phone-field\" data-rule-smart-phone-field=\"true\" name=\"wpforms[fields][6]\" placeholder=\" \" required><\/div><div id=\"wpforms-7848-field_5-container\" class=\"wpforms-field wpforms-field-text wpforms-two-thirds\" data-field-id=\"5\"><label class=\"wpforms-field-label\" for=\"wpforms-7848-field_5\">Subject<\/label><input type=\"text\" id=\"wpforms-7848-field_5\" class=\"wpforms-field-large\" name=\"wpforms[fields][5]\" ><\/div><div id=\"wpforms-7848-field_2-container\" class=\"wpforms-field wpforms-field-textarea\" data-field-id=\"2\"><label class=\"wpforms-field-label\" for=\"wpforms-7848-field_2\">Message <span class=\"wpforms-required-label\">*<\/span><\/label><textarea id=\"wpforms-7848-field_2\" class=\"wpforms-field-medium wpforms-field-required\" name=\"wpforms[fields][2]\" required><\/textarea><\/div><\/div><div class=\"wpforms-submit-container\" ><input type=\"hidden\" name=\"wpforms[id]\" value=\"7848\"><input type=\"hidden\" name=\"wpforms[author]\" value=\"2\"><button type=\"submit\" name=\"wpforms[submit]\" class=\"wpforms-submit \" id=\"wpforms-submit-7848\" value=\"wpforms-submit\" aria-live=\"assertive\" data-alt-text=\"Sending...\" data-submit-text=\"Submit\">Submit<\/button><\/div><\/form><\/div>  <!-- .wpforms-container -->[\/vc_column][\/vc_row][\/vc_section]<\/p>\n","protected":false},"excerpt":{"rendered":"<p>[vc_row full_width=&#8221;stretch_row_content&#8221; css=&#8221;.vc_custom_1617178918979{padding-top: 10vh !important;padding-bottom: 14vh !important;background-image: url(https:\/\/markarulocim.com\/wp-content\/uploads\/2021\/03\/back-sayfalar.jpg?id=7719) !important;background-position: center !important;background-repeat: no-repeat !important;background-size: cover !important;}&#8221; mobile_bg_img_hidden=&#8221;no&#8221; tablet_bg_img_hidden=&#8221;no&#8221; woodmart_parallax=&#8221;0&#8243; woodmart_gradient_switch=&#8221;no&#8221; row_reverse_mobile=&#8221;0&#8243;<\/p>\n","protected":false},"author":2,"featured_media":0,"parent":0,"menu_order":0,"comment_status":"closed","ping_status":"closed","template":"","meta":{"footnotes":""},"yoast_head":"<!-- This site is optimized with the Yoast SEO plugin v21.7 - https:\/\/yoast.com\/wordpress\/plugins\/seo\/ -->\n<title>Address of Quality Roll-on Lawn for 15 Years - Contact-us - Marka Rulo \u00c7im<\/title>\n<meta name=\"description\" content=\"Mainly in Istanbul, Sakarya and Kocaeli, We provide all of Turkey\u2019s roll-on lawn services. Get in touch now!\" \/>\n<meta name=\"robots\" content=\"index, follow, max-snippet:-1, max-image-preview:large, max-video-preview:-1\" \/>\n<link rel=\"canonical\" href=\"https:\/\/markarulocim.com\/en\/contact-us\/\" \/>\n<meta property=\"og:locale\" content=\"en_US\" \/>\n<meta property=\"og:type\" content=\"article\" \/>\n<meta property=\"og:title\" content=\"Address of Quality Roll-on Lawn for 15 Years - Contact-us - Marka Rulo \u00c7im\" \/>\n<meta property=\"og:description\" content=\"Mainly in Istanbul, Sakarya and Kocaeli, We provide all of Turkey\u2019s roll-on lawn services. Get in touch now!\" \/>\n<meta property=\"og:url\" content=\"https:\/\/markarulocim.com\/en\/contact-us\/\" \/>\n<meta property=\"og:site_name\" content=\"Marka Rulo \u00c7im\" \/>\n<meta property=\"article:modified_time\" content=\"2021-03-31T08:23:06+00:00\" \/>\n<meta name=\"twitter:card\" content=\"summary_large_image\" \/>\n<meta name=\"twitter:label1\" content=\"Est. reading time\" \/>\n\t<meta name=\"twitter:data1\" content=\"2 minutes\" \/>\n<script type=\"application\/ld+json\" class=\"yoast-schema-graph\">{\"@context\":\"https:\/\/schema.org\",\"@graph\":[{\"@type\":\"WebPage\",\"@id\":\"https:\/\/markarulocim.com\/en\/contact-us\/\",\"url\":\"https:\/\/markarulocim.com\/en\/contact-us\/\",\"name\":\"Address of Quality Roll-on Lawn for 15 Years - Contact-us - Marka Rulo \u00c7im\",\"isPartOf\":{\"@id\":\"https:\/\/markarulocim.com\/#website\"},\"datePublished\":\"2021-03-30T07:06:08+00:00\",\"dateModified\":\"2021-03-31T08:23:06+00:00\",\"description\":\"Mainly in Istanbul, Sakarya and Kocaeli, We provide all of Turkey\u2019s roll-on lawn services. Get in touch now!\",\"breadcrumb\":{\"@id\":\"https:\/\/markarulocim.com\/en\/contact-us\/#breadcrumb\"},\"inLanguage\":\"en-US\",\"potentialAction\":[{\"@type\":\"ReadAction\",\"target\":[\"https:\/\/markarulocim.com\/en\/contact-us\/\"]}]},{\"@type\":\"BreadcrumbList\",\"@id\":\"https:\/\/markarulocim.com\/en\/contact-us\/#breadcrumb\",\"itemListElement\":[{\"@type\":\"ListItem\",\"position\":1,\"name\":\"Home\",\"item\":\"https:\/\/markarulocim.com\/en\/\"},{\"@type\":\"ListItem\",\"position\":2,\"name\":\"Contact-us\"}]},{\"@type\":\"WebSite\",\"@id\":\"https:\/\/markarulocim.com\/#website\",\"url\":\"https:\/\/markarulocim.com\/\",\"name\":\"Marka Rulo \u00c7im\",\"description\":\"Rulo \u00c7im \u00dcretimi &amp; Sat\u0131\u015f\u0131\",\"potentialAction\":[{\"@type\":\"SearchAction\",\"target\":{\"@type\":\"EntryPoint\",\"urlTemplate\":\"https:\/\/markarulocim.com\/?s={search_term_string}\"},\"query-input\":\"required name=search_term_string\"}],\"inLanguage\":\"en-US\"}]}<\/script>\n<!-- \/ Yoast SEO plugin. -->","yoast_head_json":{"title":"Address of Quality Roll-on Lawn for 15 Years - Contact-us - Marka Rulo \u00c7im","description":"Mainly in Istanbul, Sakarya and Kocaeli, We provide all of Turkey\u2019s roll-on lawn services. Get in touch now!","robots":{"index":"index","follow":"follow","max-snippet":"max-snippet:-1","max-image-preview":"max-image-preview:large","max-video-preview":"max-video-preview:-1"},"canonical":"https:\/\/markarulocim.com\/en\/contact-us\/","og_locale":"en_US","og_type":"article","og_title":"Address of Quality Roll-on Lawn for 15 Years - Contact-us - Marka Rulo \u00c7im","og_description":"Mainly in Istanbul, Sakarya and Kocaeli, We provide all of Turkey\u2019s roll-on lawn services. Get in touch now!","og_url":"https:\/\/markarulocim.com\/en\/contact-us\/","og_site_name":"Marka Rulo \u00c7im","article_modified_time":"2021-03-31T08:23:06+00:00","twitter_card":"summary_large_image","twitter_misc":{"Est. reading time":"2 minutes"},"schema":{"@context":"https:\/\/schema.org","@graph":[{"@type":"WebPage","@id":"https:\/\/markarulocim.com\/en\/contact-us\/","url":"https:\/\/markarulocim.com\/en\/contact-us\/","name":"Address of Quality Roll-on Lawn for 15 Years - Contact-us - Marka Rulo \u00c7im","isPartOf":{"@id":"https:\/\/markarulocim.com\/#website"},"datePublished":"2021-03-30T07:06:08+00:00","dateModified":"2021-03-31T08:23:06+00:00","description":"Mainly in Istanbul, Sakarya and Kocaeli, We provide all of Turkey\u2019s roll-on lawn services. Get in touch now!","breadcrumb":{"@id":"https:\/\/markarulocim.com\/en\/contact-us\/#breadcrumb"},"inLanguage":"en-US","potentialAction":[{"@type":"ReadAction","target":["https:\/\/markarulocim.com\/en\/contact-us\/"]}]},{"@type":"BreadcrumbList","@id":"https:\/\/markarulocim.com\/en\/contact-us\/#breadcrumb","itemListElement":[{"@type":"ListItem","position":1,"name":"Home","item":"https:\/\/markarulocim.com\/en\/"},{"@type":"ListItem","position":2,"name":"Contact-us"}]},{"@type":"WebSite","@id":"https:\/\/markarulocim.com\/#website","url":"https:\/\/markarulocim.com\/","name":"Marka Rulo \u00c7im","description":"Rulo \u00c7im \u00dcretimi &amp; Sat\u0131\u015f\u0131","potentialAction":[{"@type":"SearchAction","target":{"@type":"EntryPoint","urlTemplate":"https:\/\/markarulocim.com\/?s={search_term_string}"},"query-input":"required name=search_term_string"}],"inLanguage":"en-US"}]}},"_links":{"self":[{"href":"https:\/\/markarulocim.com\/en\/wp-json\/wp\/v2\/pages\/7801"}],"collection":[{"href":"https:\/\/markarulocim.com\/en\/wp-json\/wp\/v2\/pages"}],"about":[{"href":"https:\/\/markarulocim.com\/en\/wp-json\/wp\/v2\/types\/page"}],"author":[{"embeddable":true,"href":"https:\/\/markarulocim.com\/en\/wp-json\/wp\/v2\/users\/2"}],"replies":[{"embeddable":true,"href":"https:\/\/markarulocim.com\/en\/wp-json\/wp\/v2\/comments?post=7801"}],"version-history":[{"count":16,"href":"https:\/\/markarulocim.com\/en\/wp-json\/wp\/v2\/pages\/7801\/revisions"}],"predecessor-version":[{"id":7865,"href":"https:\/\/markarulocim.com\/en\/wp-json\/wp\/v2\/pages\/7801\/revisions\/7865"}],"wp:attachment":[{"href":"https:\/\/markarulocim.com\/en\/wp-json\/wp\/v2\/media?parent=7801"}],"curies":[{"name":"wp","href":"https:\/\/api.w.org\/{rel}","templated":true}]}}