{"id":7746,"date":"2021-03-27T16:21:55","date_gmt":"2021-03-27T13:21:55","guid":{"rendered":"https:\/\/2021.markarulocim.com\/about-us\/"},"modified":"2021-03-30T21:06:27","modified_gmt":"2021-03-30T18:06:27","slug":"about-us","status":"publish","type":"page","link":"https:\/\/markarulocim.com\/en\/about-us\/","title":{"rendered":"About us"},"content":{"rendered":"<p>[vc_row full_width=&#8221;stretch_row_content&#8221; css=&#8221;.vc_custom_1616849924628{padding-top: 10vh !important;padding-bottom: 14vh !important;background-image: url(https:\/\/markarulocim.com\/wp-content\/uploads\/2021\/03\/hakkimizda-back-1.jpg?id=7735) !important;background-position: center !important;background-repeat: no-repeat !important;background-size: cover !important;}&#8221; mobile_bg_img_hidden=&#8221;no&#8221; tablet_bg_img_hidden=&#8221;no&#8221; woodmart_parallax=&#8221;0&#8243; woodmart_gradient_switch=&#8221;no&#8221; row_reverse_mobile=&#8221;0&#8243; row_reverse_tablet=&#8221;0&#8243; woodmart_disable_overflow=&#8221;0&#8243;][vc_column][vc_empty_space height=&#8221;100px&#8221; woodmart_hide_large=&#8221;0&#8243; woodmart_hide_medium=&#8221;0&#8243; woodmart_hide_small=&#8221;0&#8243; woodmart_hide_extra_small=&#8221;0&#8243;]\t\t\n\t\t<div id=\"wd-6061f05b004de\" class=\"title-wrapper  woodmart-title-color-primary woodmart-title-style-default woodmart-title-width-100 text-center woodmart-title-size-extra-large \">\n\t\t\t\t\t\t\t<div class=\"title-subtitle  font-default subtitle-style-default woodmart-font-weight-\">MARKA RULO \u00c7\u0130M<\/div>\n\t\t\t\t\t\t\n\t\t\t<div class=\"liner-continer\">\n\t\t\t\t<span class=\"left-line\"><\/span>\n\t\t\t\t<h1 class=\"woodmart-title-container title  woodmart-font-weight-\" ><strong>ABOUT US<\/strong><\/h1>\t\t\t\t\t\t\t\t<span class=\"right-line\"><\/span>\n\t\t\t<\/div>\n\t\t\t\n\t\t\t\t\t\t\t<div class=\"title-after_title\">Mainly in Istanbul, Sakarya and Kocaeli, We provide all of Turkey\u2019s roll-on lawn services.<\/div>\n\t\t\t\t\t\t\n\t\t\t\t\t<\/div>\n\t\t\n\t\t[vc_empty_space height=&#8221;30px&#8221; woodmart_hide_large=&#8221;0&#8243; woodmart_hide_medium=&#8221;0&#8243; woodmart_hide_small=&#8221;1&#8243; woodmart_hide_extra_small=&#8221;1&#8243;][\/vc_column][\/vc_row][vc_row full_width=&#8221;stretch_row&#8221; content_placement=&#8221;middle&#8221; css=&#8221;.vc_custom_1528446204250{padding-top: 5vh !important;padding-bottom: 2vh !important;background-color: #f9f9f9 !important;}&#8221;][vc_column css_animation=&#8221;wd-slide-from-bottom&#8221; css=&#8221;.vc_custom_1528449872275{padding-top: 0px !important;}&#8221;]\t\n\t\t\t<div id=\"wd-604e537a9b5d0\" class=\"woodmart-text-block-wrapper color-scheme-custom woodmart-title-size-custom woodmart-title-width-100 text-center vc_custom_1615745903086 hidden-md hidden-sm hidden-xs\">\n\t\t\t\t<div class=\"woodmart-title-container woodmart-text-block font-primary woodmart-font-weight-700\">\n\t\t\t\t\t2006\t\t\t\t<\/div>\n\t\t\t\t\t\n\t\t\t<\/div>\n\t\t\t\n\t\t\t<div id=\"wd-6061f0674c0fd\" class=\"woodmart-text-block-wrapper color-scheme-dark woodmart-title-size-custom woodmart-title-width-100 text-center vc_custom_1617031274200\">\n\t\t\t\t<div class=\"woodmart-title-container woodmart-text-block font-primary woodmart-font-weight-500\">\n\t\t\t\t\tAddress of Quality Roll Grass for 15 Years\t\t\t\t<\/div>\n\t\t\t\t\t\n\t\t\t<\/div>\n\t\t\t\n\t\t\t<div id=\"wd-6061f072e41b1\" class=\"woodmart-text-block-wrapper color-scheme- woodmart-title-size-custom woodmart-title-width-70 text-center vc_custom_1617031336824\">\n\t\t\t\t<div class=\"woodmart-title-container woodmart-text-block font-text woodmart-font-weight-400\">\n\t\t\t\t\tAs MARKA RULO \u00c7\u0130M, we have been producing roll-on lawn in an area of 400.000 m2 in Sakarya province since 2006. By using different seed varieties of FITTO seed growing, we act with the principle of <b>&#8220;customer satisfaction&#8221;<\/b> oriented in the production of grass under the control of qualified technical personel.\t\t\t\t<\/div>\n\t\t\t\t\t\n\t\t\t<\/div>\n\t\t[\/vc_column][vc_column css=&#8221;.vc_custom_1528458822399{margin-bottom: 2vh !important;padding-top: 0px !important;}&#8221; offset=&#8221;vc_col-lg-6 vc_col-md-12&#8243;][vc_single_image image=&#8221;7138&#8243; img_size=&#8221;570&#215;360&#8243; alignment=&#8221;center&#8221; css_animation=&#8221;wd-right-flip-y&#8221; css=&#8221;.vc_custom_1615748170882{margin-bottom: 30px !important;}&#8221; parallax_scroll=&#8221;no&#8221;][\/vc_column][vc_column woodmart_bg_position=&#8221;center-center&#8221; css=&#8221;.vc_custom_1528458817958{margin-bottom: 2vh !important;padding-top: 0px !important;background-position: 0 0 !important;background-repeat: no-repeat !important;}&#8221; offset=&#8221;vc_col-lg-6 vc_col-md-12&#8243;][vc_row_inner content_placement=&#8221;top&#8221;][vc_column_inner width=&#8221;1\/2&#8243;]\t\t\t<div class=\"info-box-wrapper \">\n\t\t\t\t<div id=\"wd-604e5f921d19b\" class=\" cursor-pointer woodmart-info-box text-left box-icon-align-top box-style-bg-hover color-scheme-dark woodmart-bg-none wpb_animate_when_almost_visible wpb_wd-left-flip-y wd-left-flip-y box-title-default hover-color-scheme-light vc_custom_1615749021514\"  onclick=\"window.location.href=&quot;#&quot;\"  >\n\t\t\t\t\t\t\t\t\t\t\t<div class=\"box-icon-wrapper  box-with-text text-size-small box-icon-simple\">\n\t\t\t\t\t\t\t<div class=\"info-box-icon\">\n\n\t\t\t\t\t\t\t\t\t\t\t\t\t\t\t600.000 M\u00b2\t\t\t\t\t\t\t\n\t\t\t\t\t\t\t<\/div>\n\t\t\t\t\t\t<\/div>\n\t\t\t\t\t\t\t\t\t\t<div class=\"info-box-content\">\n\t\t\t\t\t\t<h4 class=\"info-box-title woodmart-font-weight- box-title-style-default\">PRODUCTION AREA<\/h4>\t\t\t\t\t\t<div class=\"info-box-inner reset-mb-10\">\n\t\t\t\t\t\t\t<p>We produce<\/p>\n\t\t\t\t\t\t<\/div>\n\n\t\t\t\t\t\t\t\t\t\t\t\t\n\t\t\t\t\t<\/div>\n\n\t\t\t\t\t<style><\/style>\t\t\t\t<\/div>\n\t\t\t<\/div>\n\t\t[\/vc_column_inner][vc_column_inner width=&#8221;1\/2&#8243;]\t\t\t<div class=\"info-box-wrapper \">\n\t\t\t\t<div id=\"wd-604e5ffb5c9fe\" class=\" cursor-pointer woodmart-info-box text-left box-icon-align-top box-style-bg-hover color-scheme-dark woodmart-bg-none wpb_animate_when_almost_visible wpb_wd-left-flip-y wd-left-flip-y box-title-default hover-color-scheme-light vc_custom_1615749103859\"  onclick=\"window.location.href=&quot;#&quot;\"  >\n\t\t\t\t\t\t\t\t\t\t\t<div class=\"box-icon-wrapper  box-with-text text-size-small box-icon-simple\">\n\t\t\t\t\t\t\t<div class=\"info-box-icon\">\n\n\t\t\t\t\t\t\t\t\t\t\t\t\t\t\t128+\t\t\t\t\t\t\t\n\t\t\t\t\t\t\t<\/div>\n\t\t\t\t\t\t<\/div>\n\t\t\t\t\t\t\t\t\t\t<div class=\"info-box-content\">\n\t\t\t\t\t\t<h4 class=\"info-box-title woodmart-font-weight- box-title-style-default\">PROJECT<\/h4>\t\t\t\t\t\t<div class=\"info-box-inner reset-mb-10\">\n\t\t\t\t\t\t\t<p>Successful Projects<\/p>\n\t\t\t\t\t\t<\/div>\n\n\t\t\t\t\t\t\t\t\t\t\t\t\n\t\t\t\t\t<\/div>\n\n\t\t\t\t\t<style><\/style>\t\t\t\t<\/div>\n\t\t\t<\/div>\n\t\t[\/vc_column_inner][\/vc_row_inner][vc_row_inner content_placement=&#8221;top&#8221;][vc_column_inner width=&#8221;1\/2&#8243;]\t\t\t<div class=\"info-box-wrapper \">\n\t\t\t\t<div id=\"wd-604e5fb210569\" class=\" cursor-pointer woodmart-info-box text-left box-icon-align-top box-style-bg-hover color-scheme-dark woodmart-bg-none wpb_animate_when_almost_visible wpb_wd-left-flip-y wd-left-flip-y box-title-default hover-color-scheme-light vc_custom_1615749056195\"  onclick=\"window.location.href=&quot;#&quot;\"  >\n\t\t\t\t\t\t\t\t\t\t\t<div class=\"box-icon-wrapper  box-with-text text-size-small box-icon-simple\">\n\t\t\t\t\t\t\t<div class=\"info-box-icon\">\n\n\t\t\t\t\t\t\t\t\t\t\t\t\t\t\t485\t\t\t\t\t\t\t\n\t\t\t\t\t\t\t<\/div>\n\t\t\t\t\t\t<\/div>\n\t\t\t\t\t\t\t\t\t\t<div class=\"info-box-content\">\n\t\t\t\t\t\t<h4 class=\"info-box-title woodmart-font-weight- box-title-style-default\">SATISFIED CUSTOMER<\/h4>\t\t\t\t\t\t<div class=\"info-box-inner reset-mb-10\">\n\t\t\t\t\t\t\t<p>Customer Satisfaction<\/p>\n\t\t\t\t\t\t<\/div>\n\n\t\t\t\t\t\t\t\t\t\t\t\t\n\t\t\t\t\t<\/div>\n\n\t\t\t\t\t<style><\/style>\t\t\t\t<\/div>\n\t\t\t<\/div>\n\t\t[\/vc_column_inner][vc_column_inner width=&#8221;1\/2&#8243;]\t\t\t<div class=\"info-box-wrapper \">\n\t\t\t\t<div id=\"wd-6055c2503c913\" class=\" cursor-pointer woodmart-info-box text-left box-icon-align-top box-style-bg-hover color-scheme-dark woodmart-bg-none wpb_animate_when_almost_visible wpb_wd-left-flip-y wd-left-flip-y box-title-default hover-color-scheme-light vc_custom_1616233051028\"  onclick=\"window.location.href=&quot;#&quot;\"  >\n\t\t\t\t\t\t\t\t\t\t\t<div class=\"box-icon-wrapper  box-with-text text-size-small box-icon-simple\">\n\t\t\t\t\t\t\t<div class=\"info-box-icon\">\n\n\t\t\t\t\t\t\t\t\t\t\t\t\t\t\t3.500.000 M\u00b2\t\t\t\t\t\t\t\n\t\t\t\t\t\t\t<\/div>\n\t\t\t\t\t\t<\/div>\n\t\t\t\t\t\t\t\t\t\t<div class=\"info-box-content\">\n\t\t\t\t\t\t<h4 class=\"info-box-title woodmart-font-weight- box-title-style-default\">ROLL-ON LAWN INSTALLATION<\/h4>\t\t\t\t\t\t<div class=\"info-box-inner reset-mb-10\">\n\t\t\t\t\t\t\t<p>Roll-on Lawn Installation<\/p>\n\t\t\t\t\t\t<\/div>\n\n\t\t\t\t\t\t\t\t\t\t\t\t\n\t\t\t\t\t<\/div>\n\n\t\t\t\t\t<style><\/style>\t\t\t\t<\/div>\n\t\t\t<\/div>\n\t\t[\/vc_column_inner][\/vc_row_inner][\/vc_column][\/vc_row][vc_section full_width=&#8221;stretch_row_content&#8221; woodmart_gradient_switch=&#8221;no&#8221; mobile_bg_img_hidden=&#8221;no&#8221; tablet_bg_img_hidden=&#8221;no&#8221; woodmart_parallax=&#8221;0&#8243; woodmart_disable_overflow=&#8221;0&#8243; css=&#8221;.vc_custom_1616585665293{background-position: center !important;background-repeat: no-repeat !important;background-size: cover !important;}&#8221;][vc_row full_width=&#8221;stretch_row_content_no_spaces&#8221; mobile_bg_img_hidden=&#8221;no&#8221; tablet_bg_img_hidden=&#8221;no&#8221; woodmart_parallax=&#8221;0&#8243; woodmart_gradient_switch=&#8221;no&#8221; row_reverse_mobile=&#8221;0&#8243; row_reverse_tablet=&#8221;0&#8243; woodmart_disable_overflow=&#8221;0&#8243; el_class=&#8221;hidden-md hidden-sm hidden-xs&#8221;][vc_column]\t\t<div class=\"promo-banner-wrapper\">\n\t\t\t<div id=\"wd-6061f0f4e7280\" class=\"promo-banner banner-vr-align-middle banner-hr-align-center banner- banner-hover-parallax color-scheme-light banner-btn-size-default banner-btn-style-default wd-display-image \"  >\n\n\t\t\t\t<div class=\"main-wrapp-img\">\n\t\t\t\t\t\t\t\t\t\t\t<div class=\"banner-image\">\n\t\t\t\t\t\t\t<img loading=\"lazy\" decoding=\"async\" width=\"1920\" height=\"400\" src=\"https:\/\/markarulocim.com\/wp-content\/uploads\/2021\/03\/back-marka-rulo-cim-02.jpg\" class=\"promo-banner-image attachment-full\" alt=\"\" srcset=\"https:\/\/markarulocim.com\/wp-content\/uploads\/2021\/03\/back-marka-rulo-cim-02.jpg 1920w, https:\/\/markarulocim.com\/wp-content\/uploads\/2021\/03\/back-marka-rulo-cim-02-300x63.jpg 300w, https:\/\/markarulocim.com\/wp-content\/uploads\/2021\/03\/back-marka-rulo-cim-02-1024x213.jpg 1024w, https:\/\/markarulocim.com\/wp-content\/uploads\/2021\/03\/back-marka-rulo-cim-02-768x160.jpg 768w, https:\/\/markarulocim.com\/wp-content\/uploads\/2021\/03\/back-marka-rulo-cim-02-1536x320.jpg 1536w, https:\/\/markarulocim.com\/wp-content\/uploads\/2021\/03\/back-marka-rulo-cim-02-1200x250.jpg 1200w\" sizes=\"(max-width: 1920px) 100vw, 1920px\" \/>\t\t\t\t\t\t<\/div>\n\t\t\t\t\t\t\t\t\t<\/div>\n\n\t\t\t\t<div class=\"wrapper-content-banner \">\n\t\t\t\t\t<div class=\"content-banner text-center content-width-100\">\n\t\t\t\t\t\t\t<div class=\"banner-title-wrap banner-title-custom\"><h3 class=\"banner-title woodmart-font-weight-900 font-primary\">PLEASE STEP ON THE GRASS!<\/h3><\/div>\n\t\t\t\t\t\t\t\t\t\t\t\t\t\t\t\t\t<\/div>\n\t\t\t\t<\/div>\n\t\t\t\t\t\t\t<\/div>\n\t\t<\/div>\n\t\t\n\t\t[\/vc_column][\/vc_row][\/vc_section][vc_section full_width=&#8221;stretch_row_content&#8221; woodmart_gradient_switch=&#8221;no&#8221; mobile_bg_img_hidden=&#8221;no&#8221; tablet_bg_img_hidden=&#8221;no&#8221; woodmart_parallax=&#8221;0&#8243; woodmart_disable_overflow=&#8221;0&#8243; css=&#8221;.vc_custom_1616591603027{background-position: center !important;background-repeat: no-repeat !important;background-size: cover !important;}&#8221; el_class=&#8221;hidden-lg&#8221;][vc_row full_width=&#8221;stretch_row_content_no_spaces&#8221; mobile_bg_img_hidden=&#8221;no&#8221; tablet_bg_img_hidden=&#8221;no&#8221; woodmart_parallax=&#8221;0&#8243; woodmart_gradient_switch=&#8221;no&#8221; row_reverse_mobile=&#8221;0&#8243; row_reverse_tablet=&#8221;0&#8243; woodmart_disable_overflow=&#8221;0&#8243;][vc_column mobile_bg_img_hidden=&#8221;no&#8221; tablet_bg_img_hidden=&#8221;no&#8221; woodmart_parallax=&#8221;0&#8243; woodmart_sticky_column=&#8221;false&#8221; parallax_scroll=&#8221;no&#8221; mobile_reset_margin=&#8221;no&#8221; tablet_reset_margin=&#8221;no&#8221;]\t\t<div class=\"promo-banner-wrapper\">\n\t\t\t<div id=\"wd-6061f0eabd9fe\" class=\"promo-banner banner-vr-align-middle banner-hr-align-center banner- banner-hover-parallax color-scheme-light banner-btn-size-default banner-btn-style-default wd-display-image \"  >\n\n\t\t\t\t<div class=\"main-wrapp-img\">\n\t\t\t\t\t\t\t\t\t\t\t<div class=\"banner-image\">\n\t\t\t\t\t\t\t<img loading=\"lazy\" decoding=\"async\" width=\"400\" height=\"400\" src=\"https:\/\/markarulocim.com\/wp-content\/uploads\/2021\/03\/back-mobile.jpg\" class=\"promo-banner-image attachment-full\" alt=\"\" srcset=\"https:\/\/markarulocim.com\/wp-content\/uploads\/2021\/03\/back-mobile.jpg 400w, https:\/\/markarulocim.com\/wp-content\/uploads\/2021\/03\/back-mobile-300x300.jpg 300w, https:\/\/markarulocim.com\/wp-content\/uploads\/2021\/03\/back-mobile-150x150.jpg 150w, https:\/\/markarulocim.com\/wp-content\/uploads\/2021\/03\/back-mobile-100x100.jpg 100w\" sizes=\"(max-width: 400px) 100vw, 400px\" \/>\t\t\t\t\t\t<\/div>\n\t\t\t\t\t\t\t\t\t<\/div>\n\n\t\t\t\t<div class=\"wrapper-content-banner \">\n\t\t\t\t\t<div class=\"content-banner text-center content-width-100\">\n\t\t\t\t\t\t\t<div class=\"banner-title-wrap banner-title-custom\"><h3 class=\"banner-title woodmart-font-weight-900 font-primary\">PLEASE STEP ON THE GRASS!<\/h3><\/div>\n\t\t\t\t\t\t\t\t\t\t\t\t\t\t\t\t\t<\/div>\n\t\t\t\t<\/div>\n\t\t\t\t\t\t\t<\/div>\n\t\t<\/div>\n\t\t\n\t\t[\/vc_column][\/vc_row][\/vc_section][vc_section full_width=&#8221;stretch_row&#8221; woodmart_gradient_switch=&#8221;no&#8221; mobile_bg_img_hidden=&#8221;no&#8221; tablet_bg_img_hidden=&#8221;no&#8221; woodmart_parallax=&#8221;0&#8243; woodmart_disable_overflow=&#8221;0&#8243; css=&#8221;.vc_custom_1616591621866{margin-top: 80px !important;}&#8221;][vc_row content_placement=&#8221;middle&#8221; css=&#8221;.vc_custom_1616589467448{padding-top: 13vh !important;padding-bottom: 13vh !important;background-image: url(https:\/\/markarulocim.com\/wp-content\/uploads\/2021\/03\/bize-ulasin-back.jpg?id=7440) !important;background-position: center !important;background-repeat: no-repeat !important;background-size: cover !important;}&#8221; mobile_bg_img_hidden=&#8221;no&#8221; tablet_bg_img_hidden=&#8221;no&#8221; woodmart_parallax=&#8221;0&#8243; woodmart_gradient_switch=&#8221;no&#8221; row_reverse_mobile=&#8221;0&#8243; row_reverse_tablet=&#8221;0&#8243; woodmart_disable_overflow=&#8221;0&#8243;][vc_column css_animation=&#8221;wd-right-flip-y&#8221; css=&#8221;.vc_custom_1616523910383{padding-right: 25px !important;padding-bottom: 0px !important;padding-left: 25px !important;}&#8221; mobile_bg_img_hidden=&#8221;no&#8221; tablet_bg_img_hidden=&#8221;no&#8221; woodmart_parallax=&#8221;0&#8243; woodmart_sticky_column=&#8221;false&#8221; parallax_scroll=&#8221;no&#8221; mobile_reset_margin=&#8221;no&#8221; tablet_reset_margin=&#8221;no&#8221;]\t\n\t\t\t<div id=\"wd-605a399a6ee6b\" class=\"woodmart-text-block-wrapper color-scheme-dark woodmart-title-size-custom woodmart-title-width-100 text-center wpb_animate_when_almost_visible wpb_wd-slide-from-bottom wd-slide-from-bottom vc_custom_1616525701043\">\n\t\t\t\t<div class=\"woodmart-title-container woodmart-text-block font-primary woodmart-font-weight-700\">\n\t\t\t\t\t<\/p>\n<p style=\"text-align: center;\">CONTACT US<\/p>\n<p>\t\t\t\t<\/div>\n\t\t\t\t\t\n\t\t\t<\/div>\n\t\t\t\n\t\t\t<div id=\"wd-605a338897d20\" class=\"woodmart-text-block-wrapper color-scheme-dark woodmart-title-size-custom woodmart-title-width-100 text-center wpb_animate_when_almost_visible wpb_wd-slide-from-bottom wd-slide-from-bottom vc_custom_1616524143672\">\n\t\t\t\t<div class=\"woodmart-title-container woodmart-text-block font-text woodmart-font-weight-400\">\n\t\t\t\t\t<\/p>\n<p style=\"text-align: center;\">You can contact us to get information about our products and services.<\/p>\n<p>\t\t\t\t<\/div>\n\t\t\t\t\t\n\t\t\t<\/div>\n\t\t<div id=\"wd-6063687e2102c\" class=\"woodmart-button-wrapper text-center\"><a href=\"https:\/\/markarulocim.com\/en\/contact-us\/\" title=\"Contact\" class=\"btn btn-color-default btn-style-default btn-shape-rectangle btn-size-default\">CONTACT US<\/a><\/div>[\/vc_column][\/vc_row][vc_row full_width=&#8221;stretch_row_content_no_spaces&#8221; mobile_bg_img_hidden=&#8221;no&#8221; tablet_bg_img_hidden=&#8221;no&#8221; woodmart_parallax=&#8221;0&#8243; woodmart_gradient_switch=&#8221;no&#8221; row_reverse_mobile=&#8221;0&#8243; row_reverse_tablet=&#8221;0&#8243; woodmart_disable_overflow=&#8221;0&#8243;][vc_column][vc_empty_space height=&#8221;62px&#8221; woodmart_hide_large=&#8221;0&#8243; woodmart_hide_medium=&#8221;0&#8243; woodmart_hide_small=&#8221;1&#8243; woodmart_hide_extra_small=&#8221;1&#8243;]\t\t\t<div id=\"wd-6054c5bb27c8d\" class=\"woodmart-row-divider wd-6054c5bb27c8d dvr-position-bottom dvr-style-waves-wide dvr-overlap-enable\">\n\t\t\t\t<svg xmlns=\"http:\/\/www.w3.org\/2000\/svg\" xmlns:xlink=\"http:\/\/www.w3.org\/1999\/xlink\" x=\"0px\" y=\"0px\"\n\t viewBox=\"0 0 100 100\" width=\"100%\" height=\"3vw\" preserveAspectRatio=\"none\">\n<path d=\"M93.7,25c-3.1,0-3.1,43-6.3,43c-3.1,0-3.1-43-6.3-43C78,25,78,68,74.9,68s-3.1-43-6.3-43c-3.1,0-3.1,43-6.3,43\n\tc-3.1,0-3.1-43-6.3-43C53,25,53,68,49.9,68c-3.1,0-3.1-43-6.3-43c-3.1,0-3.1,43-6.3,43c-3.1,0-3.1-43-6.3-43c-3.1,0-3.1,43-6.3,43\n\tc-3.1,0-3.1-43-6.3-43c-3.1,0-3.1,43-6.3,43C9.2,68,9.2,25,6,25C3,25,2.9,65.9,0,67.9V100h100V68c0,0,0,0,0,0\n\tC96.8,68,96.8,25,93.7,25z\"\/>\n<\/svg>\n\t\t\t\t\t\t\t<\/div>\n\t\t[\/vc_column][\/vc_row][\/vc_section]<\/p>\n","protected":false},"excerpt":{"rendered":"<p>[vc_row full_width=&#8221;stretch_row_content&#8221; css=&#8221;.vc_custom_1616849924628{padding-top: 10vh !important;padding-bottom: 14vh !important;background-image: url(https:\/\/markarulocim.com\/wp-content\/uploads\/2021\/03\/hakkimizda-back-1.jpg?id=7735) !important;background-position: center !important;background-repeat: no-repeat !important;background-size: cover !important;}&#8221; mobile_bg_img_hidden=&#8221;no&#8221; tablet_bg_img_hidden=&#8221;no&#8221; woodmart_parallax=&#8221;0&#8243; woodmart_gradient_switch=&#8221;no&#8221; row_reverse_mobile=&#8221;0&#8243;<\/p>\n","protected":false},"author":2,"featured_media":0,"parent":0,"menu_order":0,"comment_status":"closed","ping_status":"closed","template":"","meta":{"footnotes":""},"yoast_head":"<!-- This site is optimized with the Yoast SEO plugin v21.7 - https:\/\/yoast.com\/wordpress\/plugins\/seo\/ -->\n<title>Address of Quality Roll-on Lawn for 15 Years - About us - Marka Rulo \u00c7im<\/title>\n<meta name=\"description\" content=\"You can learn everything about Markarulo\u00e7im from the sale of roll turf to ready-made turf service and to which cities we supply roll-on lawn.\" \/>\n<meta name=\"robots\" content=\"index, follow, max-snippet:-1, max-image-preview:large, max-video-preview:-1\" \/>\n<link rel=\"canonical\" href=\"https:\/\/markarulocim.com\/en\/about-us\/\" \/>\n<meta property=\"og:locale\" content=\"en_US\" \/>\n<meta property=\"og:type\" content=\"article\" \/>\n<meta property=\"og:title\" content=\"Address of Quality Roll-on Lawn for 15 Years - About us - Marka Rulo \u00c7im\" \/>\n<meta property=\"og:description\" content=\"You can learn everything about Markarulo\u00e7im from the sale of roll turf to ready-made turf service and to which cities we supply roll-on lawn.\" \/>\n<meta property=\"og:url\" content=\"https:\/\/markarulocim.com\/en\/about-us\/\" \/>\n<meta property=\"og:site_name\" content=\"Marka Rulo \u00c7im\" \/>\n<meta property=\"article:modified_time\" content=\"2021-03-30T18:06:27+00:00\" \/>\n<meta name=\"twitter:card\" content=\"summary_large_image\" \/>\n<meta name=\"twitter:label1\" content=\"Est. reading time\" \/>\n\t<meta name=\"twitter:data1\" content=\"3 minutes\" \/>\n<script type=\"application\/ld+json\" class=\"yoast-schema-graph\">{\"@context\":\"https:\/\/schema.org\",\"@graph\":[{\"@type\":\"WebPage\",\"@id\":\"https:\/\/markarulocim.com\/en\/about-us\/\",\"url\":\"https:\/\/markarulocim.com\/en\/about-us\/\",\"name\":\"Address of Quality Roll-on Lawn for 15 Years - About us - Marka Rulo \u00c7im\",\"isPartOf\":{\"@id\":\"https:\/\/markarulocim.com\/#website\"},\"datePublished\":\"2021-03-27T13:21:55+00:00\",\"dateModified\":\"2021-03-30T18:06:27+00:00\",\"description\":\"You can learn everything about Markarulo\u00e7im from the sale of roll turf to ready-made turf service and to which cities we supply roll-on lawn.\",\"breadcrumb\":{\"@id\":\"https:\/\/markarulocim.com\/en\/about-us\/#breadcrumb\"},\"inLanguage\":\"en-US\",\"potentialAction\":[{\"@type\":\"ReadAction\",\"target\":[\"https:\/\/markarulocim.com\/en\/about-us\/\"]}]},{\"@type\":\"BreadcrumbList\",\"@id\":\"https:\/\/markarulocim.com\/en\/about-us\/#breadcrumb\",\"itemListElement\":[{\"@type\":\"ListItem\",\"position\":1,\"name\":\"Home\",\"item\":\"https:\/\/markarulocim.com\/en\/\"},{\"@type\":\"ListItem\",\"position\":2,\"name\":\"About us\"}]},{\"@type\":\"WebSite\",\"@id\":\"https:\/\/markarulocim.com\/#website\",\"url\":\"https:\/\/markarulocim.com\/\",\"name\":\"Marka Rulo \u00c7im\",\"description\":\"Rulo \u00c7im \u00dcretimi &amp; Sat\u0131\u015f\u0131\",\"potentialAction\":[{\"@type\":\"SearchAction\",\"target\":{\"@type\":\"EntryPoint\",\"urlTemplate\":\"https:\/\/markarulocim.com\/?s={search_term_string}\"},\"query-input\":\"required name=search_term_string\"}],\"inLanguage\":\"en-US\"}]}<\/script>\n<!-- \/ Yoast SEO plugin. -->","yoast_head_json":{"title":"Address of Quality Roll-on Lawn for 15 Years - About us - Marka Rulo \u00c7im","description":"You can learn everything about Markarulo\u00e7im from the sale of roll turf to ready-made turf service and to which cities we supply roll-on lawn.","robots":{"index":"index","follow":"follow","max-snippet":"max-snippet:-1","max-image-preview":"max-image-preview:large","max-video-preview":"max-video-preview:-1"},"canonical":"https:\/\/markarulocim.com\/en\/about-us\/","og_locale":"en_US","og_type":"article","og_title":"Address of Quality Roll-on Lawn for 15 Years - About us - Marka Rulo \u00c7im","og_description":"You can learn everything about Markarulo\u00e7im from the sale of roll turf to ready-made turf service and to which cities we supply roll-on lawn.","og_url":"https:\/\/markarulocim.com\/en\/about-us\/","og_site_name":"Marka Rulo \u00c7im","article_modified_time":"2021-03-30T18:06:27+00:00","twitter_card":"summary_large_image","twitter_misc":{"Est. reading time":"3 minutes"},"schema":{"@context":"https:\/\/schema.org","@graph":[{"@type":"WebPage","@id":"https:\/\/markarulocim.com\/en\/about-us\/","url":"https:\/\/markarulocim.com\/en\/about-us\/","name":"Address of Quality Roll-on Lawn for 15 Years - About us - Marka Rulo \u00c7im","isPartOf":{"@id":"https:\/\/markarulocim.com\/#website"},"datePublished":"2021-03-27T13:21:55+00:00","dateModified":"2021-03-30T18:06:27+00:00","description":"You can learn everything about Markarulo\u00e7im from the sale of roll turf to ready-made turf service and to which cities we supply roll-on lawn.","breadcrumb":{"@id":"https:\/\/markarulocim.com\/en\/about-us\/#breadcrumb"},"inLanguage":"en-US","potentialAction":[{"@type":"ReadAction","target":["https:\/\/markarulocim.com\/en\/about-us\/"]}]},{"@type":"BreadcrumbList","@id":"https:\/\/markarulocim.com\/en\/about-us\/#breadcrumb","itemListElement":[{"@type":"ListItem","position":1,"name":"Home","item":"https:\/\/markarulocim.com\/en\/"},{"@type":"ListItem","position":2,"name":"About us"}]},{"@type":"WebSite","@id":"https:\/\/markarulocim.com\/#website","url":"https:\/\/markarulocim.com\/","name":"Marka Rulo \u00c7im","description":"Rulo \u00c7im \u00dcretimi &amp; Sat\u0131\u015f\u0131","potentialAction":[{"@type":"SearchAction","target":{"@type":"EntryPoint","urlTemplate":"https:\/\/markarulocim.com\/?s={search_term_string}"},"query-input":"required name=search_term_string"}],"inLanguage":"en-US"}]}},"_links":{"self":[{"href":"https:\/\/markarulocim.com\/en\/wp-json\/wp\/v2\/pages\/7746"}],"collection":[{"href":"https:\/\/markarulocim.com\/en\/wp-json\/wp\/v2\/pages"}],"about":[{"href":"https:\/\/markarulocim.com\/en\/wp-json\/wp\/v2\/types\/page"}],"author":[{"embeddable":true,"href":"https:\/\/markarulocim.com\/en\/wp-json\/wp\/v2\/users\/2"}],"replies":[{"embeddable":true,"href":"https:\/\/markarulocim.com\/en\/wp-json\/wp\/v2\/comments?post=7746"}],"version-history":[{"count":15,"href":"https:\/\/markarulocim.com\/en\/wp-json\/wp\/v2\/pages\/7746\/revisions"}],"predecessor-version":[{"id":7859,"href":"https:\/\/markarulocim.com\/en\/wp-json\/wp\/v2\/pages\/7746\/revisions\/7859"}],"wp:attachment":[{"href":"https:\/\/markarulocim.com\/en\/wp-json\/wp\/v2\/media?parent=7746"}],"curies":[{"name":"wp","href":"https:\/\/api.w.org\/{rel}","templated":true}]}}